{"id":175,"date":"2018-05-28T16:09:38","date_gmt":"2018-05-28T16:09:38","guid":{"rendered":"https:\/\/zoulouonroad.com\/?page_id=175"},"modified":"2018-06-20T21:14:51","modified_gmt":"2018-06-20T21:14:51","slug":"a-propos-de-zoulou","status":"publish","type":"page","link":"https:\/\/zoulouonroad.com\/index.php\/fr\/a-propos-de-zoulou\/","title":{"rendered":"A propos de Zoulou"},"content":{"rendered":"<p>Salut !<\/p>\n<p>Je suis Zoulou et je viens juste d&#8217;avoir 3 ans. Je suis avec ma nouvelle famille depuis 2 ans maintenant. Ils m&#8217;ont trouv\u00e9 dans un refuge (SPA) et ils ont imm\u00e9diatement flash\u00e9 sur moi. Il faut dire que mon croisement border collie est vraiment classe.<\/p>\n<p><a href=\"https:\/\/zoulouonroad.com\/wp-content\/uploads\/2018\/06\/20160124_170908.jpg\"><img loading=\"lazy\" class=\"alignleft wp-image-274 \" src=\"https:\/\/zoulouonroad.com\/wp-content\/uploads\/2018\/06\/20160124_170908-1024x768.jpg\" alt=\"\" width=\"443\" height=\"332\" sizes=\"(max-width: 443px) 85vw, 443px\" \/><\/a><a href=\"https:\/\/zoulouonroad.com\/wp-content\/uploads\/2018\/06\/20160128_142848.jpg\"><img loading=\"lazy\" class=\"wp-image-275 alignright\" src=\"https:\/\/zoulouonroad.com\/wp-content\/uploads\/2018\/06\/20160128_142848-225x300.jpg\" alt=\"\" width=\"328\" height=\"437\" sizes=\"(max-width: 328px) 85vw, 328px\" \/><\/a><\/p>\n<p>&nbsp;<\/p>\n<p>&nbsp;<\/p>\n<p>&nbsp;<\/p>\n<p>&nbsp;<\/p>\n<p>&nbsp;<\/p>\n<p>&nbsp;<\/p>\n<p>&nbsp;<\/p>\n<p>&nbsp;<\/p>\n<p style=\"text-align: left;\">Depuis, je me suis appropri\u00e9 le canap\u00e9, et tout ce passe pour le mieux. Je mange bien, (j&#8217;ai pris 3kg), que du muscle :), j&#8217;ai des jouets et des friandises (pour r\u00e9compenser mon comportement exemplaire ;), et surtout plein de balades !<\/p>\n<p><a href=\"https:\/\/zoulouonroad.com\/wp-content\/uploads\/2018\/06\/20160128_161846.jpg\"><img loading=\"lazy\" class=\"wp-image-276 aligncenter\" src=\"https:\/\/zoulouonroad.com\/wp-content\/uploads\/2018\/06\/20160128_161846-300x225.jpg\" alt=\"\" width=\"516\" height=\"387\" sizes=\"(max-width: 516px) 85vw, 516px\" \/><\/a><\/p>\n<p>&nbsp;<\/p>\n<p>Un jour, mes ma\u00eetres ont d\u00e9cid\u00e9 d&#8217;accomplir leur r\u00eave et partir faire un tour du monde. Et pourquoi en camping car\u00a0 ? Pour que je puisse venir avec eux !<\/p>\n<p>On part de Nantes le 4 juin en direction de Prague !<\/p>\n<p>Et qui sont ces deux fous qui ont accept\u00e9 ce d\u00e9fi ? Pour en savoir plus sur eux, rendez-vous <a href=\"https:\/\/zoulouonroad.com\/index.php\/fr\/a-propos-de-nous\/\">ici<\/a>.<\/p>\n","protected":false},"excerpt":{"rendered":"<p>Salut ! Je suis Zoulou et je viens juste d&#8217;avoir 3 ans. Je suis avec ma nouvelle famille depuis 2 ans maintenant. Ils m&#8217;ont trouv\u00e9 dans un refuge (SPA) et ils ont imm\u00e9diatement flash\u00e9 sur moi. Il faut dire que mon croisement border collie est vraiment classe. &nbsp; &nbsp; &nbsp; &nbsp; &nbsp; &nbsp; &nbsp; &nbsp; &hellip; <a href=\"https:\/\/zoulouonroad.com\/index.php\/fr\/a-propos-de-zoulou\/\" class=\"more-link\">Continue reading<span class=\"screen-reader-text\"> &#8220;A propos de Zoulou&#8221;<\/span><\/a><\/p>\n","protected":false},"author":1,"featured_media":0,"parent":0,"menu_order":0,"comment_status":"closed","ping_status":"closed","template":"","meta":{"spay_email":""},"_links":{"self":[{"href":"https:\/\/zoulouonroad.com\/index.php\/wp-json\/wp\/v2\/pages\/175"}],"collection":[{"href":"https:\/\/zoulouonroad.com\/index.php\/wp-json\/wp\/v2\/pages"}],"about":[{"href":"https:\/\/zoulouonroad.com\/index.php\/wp-json\/wp\/v2\/types\/page"}],"author":[{"embeddable":true,"href":"https:\/\/zoulouonroad.com\/index.php\/wp-json\/wp\/v2\/users\/1"}],"replies":[{"embeddable":true,"href":"https:\/\/zoulouonroad.com\/index.php\/wp-json\/wp\/v2\/comments?post=175"}],"version-history":[{"count":8,"href":"https:\/\/zoulouonroad.com\/index.php\/wp-json\/wp\/v2\/pages\/175\/revisions"}],"predecessor-version":[{"id":332,"href":"https:\/\/zoulouonroad.com\/index.php\/wp-json\/wp\/v2\/pages\/175\/revisions\/332"}],"wp:attachment":[{"href":"https:\/\/zoulouonroad.com\/index.php\/wp-json\/wp\/v2\/media?parent=175"}],"curies":[{"name":"wp","href":"https:\/\/api.w.org\/{rel}","templated":true}]}}